{"id":3851,"date":"2024-07-02T19:28:42","date_gmt":"2024-07-02T19:28:42","guid":{"rendered":"https:\/\/gorr-translation.com\/kontakt-narocilo\/"},"modified":"2025-03-05T08:03:37","modified_gmt":"2025-03-05T08:03:37","slug":"kontakt-narocilo","status":"publish","type":"page","link":"https:\/\/gorr-translation.com\/si\/kontakt-narocilo\/","title":{"rendered":"Kontakt"},"content":{"rendered":"<section class=\"bde-section-3851-101 bde-section\">\n  \n  \n\t\n\n\n\n<div class=\"section-container\"><div class=\"bde-globalblock-3851-100 bde-globalblock\">\n<div class=\"bde-columns-3106-100-3106-1 bde-columns bde-columns-3106-100\"><div class=\"bde-column-3106-101-3106-1 bde-column bde-column-3106-101\">\n  \n  \n\t\n\n\n\n<h4 class=\"bde-heading-3106-102-3106-1 bde-heading bde-heading-3106-102\">\nPI\u0160ITE NAM\n<\/h4><div class=\"bde-text-3106-103-3106-1 bde-text bde-text-3106-103\">\nStopite v stik z nami in s prilagojenimi storitvami prevajanja in lokalizacije vam bomo pomagali rasti \u0161e hitreje in uspe\u0161neje.\n<\/div>\n<\/div><\/div><div id=\"povprasevanje\" class=\"bde-div-3106-106-3106-1 bde-div bde-div-3106-106\">\n  \n  \n\t\n\n\n\n<div class=\"bde-shortcode-3106-105-3106-1 bde-shortcode bde-shortcode-3106-105\">\n<div class=\"forminator-ui forminator-custom-form forminator-custom-form-4350 forminator-design--flat  forminator_ajax\" data-forminator-render=\"0\" data-form=\"forminator-module-4350\" data-uid=\"69f87648d5341\"><br\/><\/div><form\n\t\t\t\tid=\"forminator-module-4350\"\n\t\t\t\tclass=\"forminator-ui forminator-custom-form forminator-custom-form-4350 forminator-design--flat  forminator_ajax\"\n\t\t\t\tmethod=\"post\"\n\t\t\t\tdata-forminator-render=\"0\"\n\t\t\t\tdata-form-id=\"4350\"\n\t\t\t\tenctype=\"multipart\/form-data\" data-color-option=\"default\" data-design=\"flat\" data-grid=\"open\" style=\"display: none;\"\n\t\t\t\tdata-uid=\"69f87648d5341\"\n\t\t\t><div role=\"alert\" aria-live=\"polite\" class=\"forminator-response-message forminator-error\" aria-hidden=\"true\"><\/div><div class=\"forminator-row\"><div id=\"name-1\" class=\"forminator-field-name forminator-col forminator-col-3 \"><div class=\"forminator-field\"><input type=\"text\" name=\"name-1\" value=\"\" placeholder=\"Ime in priimek\" id=\"forminator-field-name-1_69f87648d5341\" class=\"forminator-input forminator-name--field\" aria-required=\"true\" autocomplete=\"name\" \/><\/div><\/div><div id=\"text-1\" class=\"forminator-field-text forminator-col forminator-col-3 \"><div class=\"forminator-field\"><input type=\"text\" name=\"text-1\" value=\"\" placeholder=\"Podjetje\" id=\"forminator-field-text-1_69f87648d5341\" class=\"forminator-input forminator-name--field\" data-required=\"\" \/><span id=\"forminator-field-text-1_69f87648d5341-description\" class=\"forminator-description\"><span data-limit=\"10\" data-type=\"words\">0 \/ 10<\/span><\/span><\/div><\/div><div id=\"email-1\" class=\"forminator-field-email forminator-col forminator-col-3 \"><div class=\"forminator-field\"><input type=\"email\" name=\"email-1\" value=\"\" placeholder=\"E-po\u0161ta\" id=\"forminator-field-email-1_69f87648d5341\" class=\"forminator-input forminator-email--field\" data-required=\"true\" aria-required=\"true\" autocomplete=\"email\" \/><\/div><\/div><div id=\"select-1\" class=\"forminator-field-select forminator-col forminator-col-3  second_input\"><div class=\"forminator-field\"><select  id=\"forminator-form-4350__field--select-1_69f87648d5341\" class=\"forminator-select--field forminator-select2 forminator-select2-multiple\" data-required=\"1\" name=\"select-1\" data-default-value=\"\" data-hidden-behavior=\"zero\" data-placeholder=\"Vrsta storitve\" data-search=\"false\" data-search-placeholder=\"Vrsta storitve\" data-checkbox=\"false\" data-allow-clear=\"false\" aria-labelledby=\"forminator-form-4350__field--select-1_69f87648d5341-label\"><option value=\"\"  >Vrsta storitve<\/option><option value=\"one\"  data-calculation=\"0\">Prevajanje<\/option><option value=\"two\"  data-calculation=\"0\">Sodni prevodi<\/option><option value=\"Editing-&amp;-proofreading\"  data-calculation=\"0\">Dvojezi\u010dni pregled in lektoriranje<\/option><option value=\"Localization\"  data-calculation=\"0\">Prevajanje in lokalizacija spletne strani<\/option><option value=\"Interpreting\"  data-calculation=\"0\">Tolma\u010denje<\/option><option value=\"Live-interpretation\"  data-calculation=\"0\">Tolma\u010denje na daljavo<\/option><option value=\"Software-translation\"  data-calculation=\"0\">Prevajanje programske opreme<\/option><option value=\"Website-translation\"  data-calculation=\"0\">Prevajanje podnapisov<\/option><option value=\"MT-&amp;-MTPE\"  data-calculation=\"0\">Prevajanje tehni\u010dnih besedil<\/option><option value=\"Drugo\"  data-calculation=\"0\">Drugo<\/option><\/select><\/div><\/div><\/div><div class=\"forminator-row\"><div id=\"select-3\" class=\"forminator-field-select forminator-col forminator-col-4 \"><div class=\"forminator-field\"><select  id=\"forminator-form-4350__field--select-3_69f87648d5341\" class=\"forminator-select--field forminator-select2 forminator-select2-multiple\" data-required=\"\" name=\"select-3\" data-default-value=\"\" data-hidden-behavior=\"zero\" data-placeholder=\"Iz\" data-search=\"false\" data-search-placeholder=\"Iz\" data-checkbox=\"false\" data-allow-clear=\"false\" aria-labelledby=\"forminator-form-4350__field--select-3_69f87648d5341-label\"><option value=\"\"  >Iz<\/option><option value=\"one\"  data-calculation=\"0\">alban\u0161\u010dina<\/option><option value=\"English\"  data-calculation=\"0\">angle\u0161\u010dina<\/option><option value=\"two\"  data-calculation=\"0\">arab\u0161\u010dina<\/option><option value=\"Bulgarian\"  data-calculation=\"0\">bolgar\u0161\u010dina<\/option><option value=\"Bosnian\"  data-calculation=\"0\">bosan\u0161\u010dina<\/option><option value=\"Czech\"  data-calculation=\"0\">\u010de\u0161\u010dina<\/option><option value=\"Montenegrin\"  data-calculation=\"0\">\u010drnogor\u0161\u010dina<\/option><option value=\"Estonian\"  data-calculation=\"0\">eston\u0161\u010dina<\/option><option value=\"Finnish\"  data-calculation=\"0\">fin\u0161\u010dina<\/option><option value=\"French\"  data-calculation=\"0\">franco\u0161\u010dina<\/option><option value=\"Chinese\"  data-calculation=\"0\">kitaj\u0161\u010dina<\/option><option value=\"Croatian\"  data-calculation=\"0\">hrva\u0161\u010dina<\/option><option value=\"Dutch\"  data-calculation=\"0\">nizozem\u0161\u010dina<\/option><option value=\"German\"  data-calculation=\"0\">nem\u0161\u010dina<\/option><option value=\"Hungarian\"  data-calculation=\"0\">mad\u017ear\u0161\u010dina<\/option><option value=\"Italian\"  data-calculation=\"0\">italijan\u0161\u010dina<\/option><option value=\"Latvian\"  data-calculation=\"0\">latvij\u0161\u010dina<\/option><option value=\"Lithuanian\"  data-calculation=\"0\">litov\u0161\u010dina<\/option><option value=\"Macedonian\"  data-calculation=\"0\">makedon\u0161\u010dina<\/option><option value=\"Norwegian\"  data-calculation=\"0\">norve\u0161\u010dina<\/option><option value=\"Polish\"  data-calculation=\"0\">polj\u0161\u010dina<\/option><option value=\"Portuguese\"  data-calculation=\"0\">portugal\u0161\u010dina<\/option><option value=\"Romanian\"  data-calculation=\"0\">romun\u0161\u010dina<\/option><option value=\"Russian\"  data-calculation=\"0\">ru\u0161\u010dina<\/option><option value=\"Serbian\"  data-calculation=\"0\">srb\u0161\u010dina<\/option><option value=\"Slovak\"  data-calculation=\"0\">slova\u0161\u010dina<\/option><option value=\"Slovenian\"  data-calculation=\"0\">\u0161ved\u0161\u010dina<\/option><option value=\"Spanish\"  data-calculation=\"0\">\u0161pan\u0161\u010dina<\/option><option value=\"Swedish\"  data-calculation=\"0\">\u0161ved\u0161\u010dina<\/option><option value=\"Turkish\"  data-calculation=\"0\">tur\u0161\u010dina<\/option><option value=\"Ukrainian\"  data-calculation=\"0\">ukrajin\u0161\u010dina<\/option><option value=\"Other-language\"  data-calculation=\"0\">drug jezik<\/option><\/select><\/div><\/div><div id=\"select-2\" class=\"forminator-field-select forminator-col forminator-col-4 \"><div class=\"forminator-field\"><select  id=\"forminator-form-4350__field--select-2_69f87648d5341\" class=\"forminator-select--field forminator-select2 forminator-select2-multiple\" data-required=\"\" name=\"select-2\" data-default-value=\"\" data-hidden-behavior=\"zero\" data-placeholder=\"V\" data-search=\"false\" data-search-placeholder=\"V\" data-checkbox=\"false\" data-allow-clear=\"false\" aria-labelledby=\"forminator-form-4350__field--select-2_69f87648d5341-label\"><option value=\"\"  >V<\/option><option value=\"one\"  data-calculation=\"0\">alban\u0161\u010dina<\/option><option value=\"two\"  data-calculation=\"0\">arab\u0161\u010dina<\/option><option value=\"English\"  data-calculation=\"0\">angle\u0161\u010dina<\/option><option value=\"Bosnian\"  data-calculation=\"0\">bosan\u0161\u010dina<\/option><option value=\"Bulgarian\"  data-calculation=\"0\">bolgar\u0161\u010dina<\/option><option value=\"Chinese\"  data-calculation=\"0\">kitaj\u0161\u010dina<\/option><option value=\"Croatian\"  data-calculation=\"0\">hrva\u0161\u010dina<\/option><option value=\"Czech\"  data-calculation=\"0\">\u010de\u0161\u010dina<\/option><option value=\"Dutch\"  data-calculation=\"0\">nizozem\u0161\u010dina<\/option><option value=\"Estonian\"  data-calculation=\"0\">eston\u0161\u010dina<\/option><option value=\"Finnish\"  data-calculation=\"0\">fin\u0161\u010dina<\/option><option value=\"French\"  data-calculation=\"0\">franco\u0161\u010dina<\/option><option value=\"German\"  data-calculation=\"0\">nem\u0161\u010dina<\/option><option value=\"Hungarian\"  data-calculation=\"0\">mad\u017ear\u0161\u010dina<\/option><option value=\"Italian\"  data-calculation=\"0\">italijan\u0161\u010dina<\/option><option value=\"Latvian\"  data-calculation=\"0\">latvij\u0161\u010dina<\/option><option value=\"Lithuanian\"  data-calculation=\"0\">litov\u0161\u010dina<\/option><option value=\"Macedonian\"  data-calculation=\"0\">makedon\u0161\u010dina<\/option><option value=\"Montenegrin\"  data-calculation=\"0\">\u010drnogor\u0161\u010dina<\/option><option value=\"Norwegian\"  data-calculation=\"0\">norve\u0161\u010dina<\/option><option value=\"Polish\"  data-calculation=\"0\">polj\u0161\u010dina<\/option><option value=\"Portuguese\"  data-calculation=\"0\">portugal\u0161\u010dina<\/option><option value=\"Romanian\"  data-calculation=\"0\">romun\u0161\u010dina<\/option><option value=\"Russian\"  data-calculation=\"0\">ru\u0161\u010dina<\/option><option value=\"Serbian\"  data-calculation=\"0\">srb\u0161\u010dina<\/option><option value=\"Slovak\"  data-calculation=\"0\">slova\u0161\u010dina<\/option><option value=\"Slovenian\"  data-calculation=\"0\">sloven\u0161\u010dina<\/option><option value=\"Spanish\"  data-calculation=\"0\">\u0161pan\u0161\u010dina<\/option><option value=\"Swedish\"  data-calculation=\"0\">\u0161ved\u0161\u010dina<\/option><option value=\"Turkish\"  data-calculation=\"0\">tur\u0161\u010dina<\/option><option value=\"Ukrainian\"  data-calculation=\"0\">ukrajin\u0161\u010dina<\/option><option value=\"Other-language\"  data-calculation=\"0\">drug jezik<\/option><\/select><\/div><\/div><div id=\"number-1\" class=\"forminator-field-number forminator-col forminator-col-4 \"><div class=\"forminator-field\"><input name=\"number-1\" value=\"\" placeholder=\"ID ZA DDV\" id=\"forminator-field-number-1_69f87648d5341\" class=\"forminator-input forminator-number--field\" inputmode=\"decimal\" data-required=\"\" data-decimals=\"0\" aria-required=\"false\" data-inputmask=\"&#039;groupSeparator&#039;: &#039;&#039;, &#039;radixPoint&#039;: &#039;&#039;, &#039;digits&#039;: &#039;0&#039;\" data-hidden-behavior=\"zero\" type=\"number\" step=\"any\" min=\"\" \/><\/div><\/div><\/div><div class=\"forminator-row\"><div id=\"textarea-1\" class=\"forminator-field-textarea forminator-col forminator-col-6 \"><div class=\"forminator-field\"><textarea name=\"textarea-1\" placeholder=\"Sporo\u010dilo\" id=\"forminator-field-textarea-1_69f87648d5341\" class=\"forminator-textarea\" rows=\"6\" style=\"min-height:10px;\" ><\/textarea><span id=\"forminator-field-textarea-1_69f87648d5341-description\" class=\"forminator-description\"><span data-limit=\"500\" data-type=\"words\" data-editor=\"\">0 \/ 500<\/span><\/span><\/div><\/div><div id=\"upload-1\" class=\"forminator-field-upload forminator-col forminator-col-6  second_input\"><div class=\"forminator-field\"><label for=\"forminator-field-upload-1_69f87648d5341\" id=\"forminator-field-upload-1_69f87648d5341-label\" class=\"forminator-label\">Datoteka<\/label><div class=\"forminator-file-upload \" data-element=\"upload-1_69f87648d5341\" aria-describedby=\"forminator-field-upload-1_69f87648d5341-description\"><input type=\"file\" name=\"upload-1\" id=\"forminator-field-upload-1_69f87648d5341\" class=\"forminator-input-file\" accept=\".webp,.pdf,.doc,.pot,.pps,.ppt,.wri,.mdb,.mpp,.docx,.docm,.dotx,.dotm,.onetoc,.onetoc2,.onetmp,.onepkg,.oxps,.xps,.odt,.odp,.odg,.odc,.odb,.odf,.wp,.wpd,.pages,.jpg,.jpeg,.jpe,.gif,.png,.bmp,.tiff,.tif,.ico,.psd,.xcf,.heic\" tabindex=\"-1\"><button id=\"forminator-field-upload-1_69f87648d5341_button\" class=\"forminator-button forminator-button-upload\" data-id=\"forminator-field-upload-1_69f87648d5341\">Choose File<\/button><span data-empty-text=\"No file chosen\">No file chosen<\/span><button class=\"forminator-button-delete\" style=\"display: none;\"><i class=\"forminator-icon-close\" aria-hidden=\"true\"><\/i><span class=\"forminator-screen-reader-only\">Delete uploaded file<\/span><\/button><\/div><span id=\"forminator-field-upload-1_69f87648d5341-description\" class=\"forminator-description\">Izberi datoteko<\/span><\/div><\/div><\/div><div class=\"forminator-row\"><div id=\"captcha-1\" class=\"forminator-field-captcha forminator-col forminator-col-12 \"><div class=\"forminator-captcha-left forminator-g-recaptcha recaptcha-invisible\" data-theme=\"light\" data-badge=\"bottomright\" data-sitekey=\"6Lc852MqAAAAAIYWlm1UFmsMUyo6e7RTbHB03Y3r\" data-size=\"invisible\"><\/div> <\/div><\/div><div class=\"forminator-row\"><div id=\"consent-1\" class=\"forminator-field-consent forminator-col forminator-col-12 \"><div class=\"forminator-field\"><div class=\"forminator-checkbox__wrapper\"><label id=\"forminator-field-consent-1_69f87648d5341__label\" class=\"forminator-checkbox forminator-consent\" aria-labelledby=\"forminator-field-consent-1_69f87648d5341-label\" aria-hidden=\"true\"><input type=\"checkbox\" name=\"consent-1\" id=\"forminator-field-consent-1_69f87648d5341\" value=\"checked\" aria-labelledby=\"forminator-field-consent-1_69f87648d5341-label\" aria-describedby=\"forminator-field-consent-1_69f87648d5341__description\" data-required=\"true\" aria-required=\"true\" \/><span class=\"forminator-checkbox-box\" aria-hidden=\"true\"><\/span><\/label><div id=\"forminator-field-consent-1_69f87648d5341__description\" class=\"forminator-checkbox__label forminator-consent__label\"><p><strong>Strinjam se, da lahko moje osebne podatke uporabite za namene po\u0161iljanja e-novic.<\/strong><\/p>\n<p>Kadar koli se lahko odjavite s klikom na povezavo v nogi na\u0161ih e-po\u0161tnih sporo\u010dil.<\/p>\n<p>Za ve\u010d informacij pa si preberite na\u0161o <a href=\"https:\/\/gorr-translation.com\/si\/politika-zasebnosti\/\">politiko zasebnosti<\/a>.<\/p>\n<p>&nbsp;<\/p><\/div><\/div><\/div><\/div><\/div><input type=\"hidden\" name=\"referer_url\" value=\"\" \/><div class=\"forminator-row forminator-row-last\"><div class=\"forminator-col\"><div class=\"forminator-field\"><button class=\"forminator-button forminator-button-submit\">Po&scaron;lji<\/button><\/div><\/div><\/div><input type=\"hidden\" id=\"forminator_nonce\" name=\"forminator_nonce\" value=\"efc0cc8db3\" \/><input type=\"hidden\" name=\"_wp_http_referer\" value=\"\/si\/wp-json\/wp\/v2\/pages\/3851\" \/><input type=\"hidden\" name=\"form_id\" value=\"4350\"><input type=\"hidden\" name=\"page_id\" value=\"3851\"><input type=\"hidden\" name=\"form_type\" value=\"default\"><input type=\"hidden\" name=\"current_url\" value=\"https:\/\/gorr-translation.com\/si\/kontakt-narocilo\/\"><input type=\"hidden\" name=\"render_id\" value=\"0\"><input type=\"hidden\" name=\"action\" value=\"forminator_submit_form_custom-forms\"><label for=\"input_11\" class=\"forminator-hidden\" aria-hidden=\"true\">Please do not fill in this field. <input id=\"input_11\" type=\"text\" name=\"input_11\" value=\"\" autocomplete=\"off\"><\/label><\/form>\n<\/div>\n<\/div>\n<\/div><\/div>\n<\/section>","protected":false},"excerpt":{"rendered":"<p>PI\u0160ITE NAM Stopite v stik z nami in s prilagojenimi storitvami prevajanja in lokalizacije vam bomo pomagali rasti \u0161e hitreje in uspe\u0161neje. 0 \/ 10Vrsta storitvePrevajanjeSodni prevodiDvojezi\u010dni pregled in lektoriranjePrevajanje in lokalizacija spletne straniTolma\u010denjeTolma\u010denje na daljavoPrevajanje programske opremePrevajanje podnapisovPrevajanje tehni\u010dnih besedilDrugoIzalban\u0161\u010dinaangle\u0161\u010dinaarab\u0161\u010dinabolgar\u0161\u010dinabosan\u0161\u010dina\u010de\u0161\u010dina\u010drnogor\u0161\u010dinaeston\u0161\u010dinafin\u0161\u010dinafranco\u0161\u010dinakitaj\u0161\u010dinahrva\u0161\u010dinanizozem\u0161\u010dinanem\u0161\u010dinamad\u017ear\u0161\u010dinaitalijan\u0161\u010dinalatvij\u0161\u010dinalitov\u0161\u010dinamakedon\u0161\u010dinanorve\u0161\u010dinapolj\u0161\u010dinaportugal\u0161\u010dinaromun\u0161\u010dinaru\u0161\u010dinasrb\u0161\u010dinaslova\u0161\u010dina\u0161ved\u0161\u010dina\u0161pan\u0161\u010dina\u0161ved\u0161\u010dinatur\u0161\u010dinaukrajin\u0161\u010dinadrug jezikValban\u0161\u010dinaarab\u0161\u010dinaangle\u0161\u010dinabosan\u0161\u010dinabolgar\u0161\u010dinakitaj\u0161\u010dinahrva\u0161\u010dina\u010de\u0161\u010dinanizozem\u0161\u010dinaeston\u0161\u010dinafin\u0161\u010dinafranco\u0161\u010dinanem\u0161\u010dinamad\u017ear\u0161\u010dinaitalijan\u0161\u010dinalatvij\u0161\u010dinalitov\u0161\u010dinamakedon\u0161\u010dina\u010drnogor\u0161\u010dinanorve\u0161\u010dinapolj\u0161\u010dinaportugal\u0161\u010dinaromun\u0161\u010dinaru\u0161\u010dinasrb\u0161\u010dinaslova\u0161\u010dinasloven\u0161\u010dina\u0161pan\u0161\u010dina\u0161ved\u0161\u010dinatur\u0161\u010dinaukrajin\u0161\u010dinadrug jezik0 \/ 500DatotekaChoose FileNo file chosenDelete uploaded fileIzberi datoteko Strinjam se, da lahko [&hellip;]<\/p>\n","protected":false},"author":1,"featured_media":0,"parent":0,"menu_order":0,"comment_status":"closed","ping_status":"closed","template":"","meta":{"_breakdance_hide_in_design_set":false,"_breakdance_tags":"","footnotes":""},"class_list":["post-3851","page","type-page","status-publish","hentry"],"yoast_head":"<!-- This site is optimized with the Yoast SEO plugin v23.6 - https:\/\/yoast.com\/wordpress\/plugins\/seo\/ -->\n<title>Kontakt: GORR<\/title>\n<meta name=\"description\" content=\"\u017delite stopiti v stik z nami? Ne odla\u0161ajte. Po\u0161ljite nam sporo\u010dilo in odgovorili vam bomo v najkraj\u0161em mo\u017enem \u010dasu.\" \/>\n<meta name=\"robots\" content=\"index, follow, max-snippet:-1, max-image-preview:large, max-video-preview:-1\" \/>\n<link rel=\"canonical\" href=\"https:\/\/gorr-translation.com\/si\/kontakt-narocilo\/\" \/>\n<meta property=\"og:locale\" content=\"en_US\" \/>\n<meta property=\"og:type\" content=\"article\" \/>\n<meta property=\"og:title\" content=\"Kontakt: GORR\" \/>\n<meta property=\"og:description\" content=\"\u017delite stopiti v stik z nami? Ne odla\u0161ajte. Po\u0161ljite nam sporo\u010dilo in odgovorili vam bomo v najkraj\u0161em mo\u017enem \u010dasu.\" \/>\n<meta property=\"og:url\" content=\"https:\/\/gorr-translation.com\/si\/kontakt-narocilo\/\" \/>\n<meta property=\"og:site_name\" content=\"GORR\" \/>\n<meta property=\"article:modified_time\" content=\"2025-03-05T08:03:37+00:00\" \/>\n<meta name=\"twitter:card\" content=\"summary_large_image\" \/>\n<meta name=\"twitter:label1\" content=\"Est. reading time\" \/>\n\t<meta name=\"twitter:data1\" content=\"1 minute\" \/>\n<script type=\"application\/ld+json\" class=\"yoast-schema-graph\">{\"@context\":\"https:\/\/schema.org\",\"@graph\":[{\"@type\":\"WebPage\",\"@id\":\"https:\/\/gorr-translation.com\/si\/kontakt-narocilo\/\",\"url\":\"https:\/\/gorr-translation.com\/si\/kontakt-narocilo\/\",\"name\":\"Kontakt: GORR\",\"isPartOf\":{\"@id\":\"https:\/\/gorr-translation.com\/si\/#website\"},\"datePublished\":\"2024-07-02T19:28:42+00:00\",\"dateModified\":\"2025-03-05T08:03:37+00:00\",\"description\":\"\u017delite stopiti v stik z nami? Ne odla\u0161ajte. Po\u0161ljite nam sporo\u010dilo in odgovorili vam bomo v najkraj\u0161em mo\u017enem \u010dasu.\",\"breadcrumb\":{\"@id\":\"https:\/\/gorr-translation.com\/si\/kontakt-narocilo\/#breadcrumb\"},\"inLanguage\":\"si-Si\",\"potentialAction\":[{\"@type\":\"ReadAction\",\"target\":[\"https:\/\/gorr-translation.com\/si\/kontakt-narocilo\/\"]}]},{\"@type\":\"BreadcrumbList\",\"@id\":\"https:\/\/gorr-translation.com\/si\/kontakt-narocilo\/#breadcrumb\",\"itemListElement\":[{\"@type\":\"ListItem\",\"position\":1,\"name\":\"Home\",\"item\":\"https:\/\/gorr-translation.com\/si\/\"},{\"@type\":\"ListItem\",\"position\":2,\"name\":\"Kontakt\"}]},{\"@type\":\"WebSite\",\"@id\":\"https:\/\/gorr-translation.com\/si\/#website\",\"url\":\"https:\/\/gorr-translation.com\/si\/\",\"name\":\"GORR\",\"description\":\"Professional translation services\",\"potentialAction\":[{\"@type\":\"SearchAction\",\"target\":{\"@type\":\"EntryPoint\",\"urlTemplate\":\"https:\/\/gorr-translation.com\/si\/?s={search_term_string}\"},\"query-input\":{\"@type\":\"PropertyValueSpecification\",\"valueRequired\":true,\"valueName\":\"search_term_string\"}}],\"inLanguage\":\"si-Si\"}]}<\/script>\n<!-- \/ Yoast SEO plugin. -->","yoast_head_json":{"title":"Kontakt: GORR","description":"\u017delite stopiti v stik z nami? Ne odla\u0161ajte. Po\u0161ljite nam sporo\u010dilo in odgovorili vam bomo v najkraj\u0161em mo\u017enem \u010dasu.","robots":{"index":"index","follow":"follow","max-snippet":"max-snippet:-1","max-image-preview":"max-image-preview:large","max-video-preview":"max-video-preview:-1"},"canonical":"https:\/\/gorr-translation.com\/si\/kontakt-narocilo\/","og_locale":"en_US","og_type":"article","og_title":"Kontakt: GORR","og_description":"\u017delite stopiti v stik z nami? Ne odla\u0161ajte. Po\u0161ljite nam sporo\u010dilo in odgovorili vam bomo v najkraj\u0161em mo\u017enem \u010dasu.","og_url":"https:\/\/gorr-translation.com\/si\/kontakt-narocilo\/","og_site_name":"GORR","article_modified_time":"2025-03-05T08:03:37+00:00","twitter_card":"summary_large_image","twitter_misc":{"Est. reading time":"1 minute"},"schema":{"@context":"https:\/\/schema.org","@graph":[{"@type":"WebPage","@id":"https:\/\/gorr-translation.com\/si\/kontakt-narocilo\/","url":"https:\/\/gorr-translation.com\/si\/kontakt-narocilo\/","name":"Kontakt: GORR","isPartOf":{"@id":"https:\/\/gorr-translation.com\/si\/#website"},"datePublished":"2024-07-02T19:28:42+00:00","dateModified":"2025-03-05T08:03:37+00:00","description":"\u017delite stopiti v stik z nami? Ne odla\u0161ajte. Po\u0161ljite nam sporo\u010dilo in odgovorili vam bomo v najkraj\u0161em mo\u017enem \u010dasu.","breadcrumb":{"@id":"https:\/\/gorr-translation.com\/si\/kontakt-narocilo\/#breadcrumb"},"inLanguage":"si-Si","potentialAction":[{"@type":"ReadAction","target":["https:\/\/gorr-translation.com\/si\/kontakt-narocilo\/"]}]},{"@type":"BreadcrumbList","@id":"https:\/\/gorr-translation.com\/si\/kontakt-narocilo\/#breadcrumb","itemListElement":[{"@type":"ListItem","position":1,"name":"Home","item":"https:\/\/gorr-translation.com\/si\/"},{"@type":"ListItem","position":2,"name":"Kontakt"}]},{"@type":"WebSite","@id":"https:\/\/gorr-translation.com\/si\/#website","url":"https:\/\/gorr-translation.com\/si\/","name":"GORR","description":"Professional translation services","potentialAction":[{"@type":"SearchAction","target":{"@type":"EntryPoint","urlTemplate":"https:\/\/gorr-translation.com\/si\/?s={search_term_string}"},"query-input":{"@type":"PropertyValueSpecification","valueRequired":true,"valueName":"search_term_string"}}],"inLanguage":"si-Si"}]}},"_links":{"self":[{"href":"https:\/\/gorr-translation.com\/si\/wp-json\/wp\/v2\/pages\/3851"}],"collection":[{"href":"https:\/\/gorr-translation.com\/si\/wp-json\/wp\/v2\/pages"}],"about":[{"href":"https:\/\/gorr-translation.com\/si\/wp-json\/wp\/v2\/types\/page"}],"author":[{"embeddable":true,"href":"https:\/\/gorr-translation.com\/si\/wp-json\/wp\/v2\/users\/1"}],"replies":[{"embeddable":true,"href":"https:\/\/gorr-translation.com\/si\/wp-json\/wp\/v2\/comments?post=3851"}],"version-history":[{"count":5,"href":"https:\/\/gorr-translation.com\/si\/wp-json\/wp\/v2\/pages\/3851\/revisions"}],"predecessor-version":[{"id":11844,"href":"https:\/\/gorr-translation.com\/si\/wp-json\/wp\/v2\/pages\/3851\/revisions\/11844"}],"wp:attachment":[{"href":"https:\/\/gorr-translation.com\/si\/wp-json\/wp\/v2\/media?parent=3851"}],"curies":[{"name":"wp","href":"https:\/\/api.w.org\/{rel}","templated":true}]}}