{"id":3860,"date":"2024-06-14T13:02:50","date_gmt":"2024-06-14T13:02:50","guid":{"rendered":"https:\/\/gorr-translation.com\/privacy-policy\/"},"modified":"2025-02-25T07:11:21","modified_gmt":"2025-02-25T07:11:21","slug":"politika-zasebnosti","status":"publish","type":"page","link":"https:\/\/gorr-translation.com\/si\/politika-zasebnosti\/","title":{"rendered":"POLITIKA ZASEBNOSTI"},"content":{"rendered":"\n<h1 class=\"wp-block-heading\"><strong>P<\/strong>olitika zasebnosti<\/h1>\n\n\n\n<p>Politika zasebnosti vsebuje informacije o obdelavi osebnih podatkov, ki jo izvaja GORR d.o.o. ( v nadaljevanju \u00bbupravljavec\u00ab, \u00bbmi\u00ab ali \u00bbnas\u00ab). V njej najdete informacije o namenih obdelave, pravno podlago, vrstah osebnih podatkov, obdobju hrambe in va\u0161ih pravicah v zvez z obdelavo.<\/p>\n\n\n\n<p>Vabimo vas, da si politiko pozorno preberete.<\/p>\n\n\n\n<p>Za osebni podatek se \u0161teje vsaka informacija, ki se nana\u0161a na posameznika, ne glede na obliko, v kateri je izra\u017eena, ki ga lahko posredno ali neposredno identificira. &nbsp;<\/p>\n\n\n\n<p><strong>Kdo je upravljavec osebnih podatkov?<\/strong><\/p>\n\n\n\n<p>Upravljavec va\u0161ih osebnih podatkov je:<\/p>\n\n\n\n<p>Prevajalska agencija GORR d.o.o., Brezje pri Grosupljem 90, 1290 Grosuplje, Slovenija<\/p>\n\n\n\n<p>e-mail: info@gorr-translation.com<\/p>\n\n\n\n<p>Spletna stran: https:\/\/www.gorr-translation.com\/<\/p>\n\n\n\n<p>Kot upravljavec osebnih podatkov se zavezujemo k odgovorni, zakoniti in transparentni obdelavi in hrambi va\u0161ih osebnih podatkov.<\/p>\n\n\n\n<p><strong>Kako pridobite moje osebne podatke?<\/strong><\/p>\n\n\n\n<p>Va\u0161e osebne podatke pridobivamo neposredno od vas. Posredovanje osebnih podatkov je za vas obvezno le, kadar tako dolo\u010da zakon. V preostalih primerih posredovanje osebnih podatkov ni obvezno, vendar pa v tem primeru obstaja mo\u017enost, da vam dolo\u010denih storitev ne bomo mogli nuditi.<\/p>\n\n\n\n<p>Na podlagi pridobljenih osebnih podatkov s pomo\u010djo pi\u0161kotkov izvajamo avtomatizirano odlo\u010danje in profiliranje, ti podatki pa so v \u0161ifrirani obliki. Profiliranje izvajamo za potrebe prikazovanja oglasov, ki ustrezajo va\u0161im interesom. Ve\u010d informacij o obdelavi osebnih podatkov s pomo\u010djo pi\u0161kotkov si lahko preberete v na\u0161i <a href=\"https:\/\/www.gorr.si\/politika-piskotkov\/\">politiki pi\u0161kotkov<\/a>.<\/p>\n\n\n\n<p>Drugega avtomatiziranega odlo\u010danja in profiliranja upravljavec ne izvaja.<\/p>\n\n\n\n<p><strong>Kako poteka obdelava osebnih podatkov pri upravljavcu?<\/strong><\/p>\n\n\n\n<p>Zbrane osebne podatke obdelujemo zgolj, kadar imamo za to primerno pravno podlago in dolo\u010dene zakonite namene (tj. razloge za obdelavo). Vedno skrbimo za to, da izberemo najmanj\u0161i mo\u017eni obseg osebnih podatkov, ki ga potrebujemo za dosego posameznega namena. Uporabljamo razli\u010dne pravne podlage in sicer pogodbeni odnos, zakon, zakoniti interes ali va\u0161o jasno privolitev. V primeru, da ste podali privolitev za obdelavo osebnih podatkov, imate vedno mo\u017enost to privolitev preklicati.<\/p>\n\n\n\n<p>Osebne podatke hranimo le toliko \u010dasa, kolikor je to potrebno, da se izpolni namen, za katere smo jih zbrali. Po preteku roka hrambe osebne podatke izbri\u0161emo oz. jih uni\u010dimo tako, da rekonstrukcija osebnih podatkov ni ve\u010d mogo\u010da.<\/p>\n\n\n\n<p>Ve\u010d podrobnej\u0161ih informacij si lahko pogledate v spodnji tabeli.<\/p>\n\n\n\n<figure class=\"wp-block-table\"><table><tbody><tr><td><strong>Namen obdelave<\/strong><\/td><td><strong>Kategorija osebnih podatkov<\/strong><\/td><td><strong>Pravna podlaga<\/strong><\/td><td><strong>Rok hrambe<\/strong><\/td><\/tr><tr><td>Komunikacija na podlagi va\u0161ega povpra\u0161evanja (izpolnjen obrazec na spletni strani)<\/td><td>Ime in priimek, elektronski naslov, naziv podjetja, sede\u017e podjetja, dav\u010dna \u0161tevilka podjetja, vsebina sporo\u010dila, podatki v morebitnih posredovanih datotekah<\/td><td>Zakoniti interes u\u010dinkovite komunikacije s potencialnimi uporabniki<\/td><td>2 meseca od zaklju\u010dka komunikacije<\/td><\/tr><tr><td>Priprava ponudbe na podlagi va\u0161ega povpra\u0161evanja<\/td><td>Ime in priimek, elektronski naslov, telefonska \u0161tevilka, naziv podjetja, sede\u017e podjetja, dav\u010dna \u0161tevilka podjetja, podatki v posredovanih datotekah, drugi podatki potrebni za pripravo ponudbe<\/td><td>Predpogodbeni odnos<\/td><td>6 mesecev po oddaji ponudbe<\/td><\/tr><tr><td>Izvajanje storitev (prevajanja, izdelave sodnih prevodov, dvojezi\u010dnih pregledov in lektoriranje, tolma\u010denje, lokalizacija, strojno prevajanja, urejanje strojnih prevodov, druge jezikovne storitve)<\/td><td>Ime in priimek, podatki o podjetju, sede\u017e podjetja, elektronski naslov, telefonska \u0161tevilka, podatki v posredovanih datotekah, podatki potrebni za pla\u010dilo \u2013 transakcijski ra\u010dun<\/td><td>Pogodbeni odnos<\/td><td>5 let po prenehanju pogodbe (podatki za pla\u010dilo se hranijo 10 let skladno z dav\u010dno zakonodajo)<\/td><\/tr><tr><td>Nudenje informacij in pomo\u010d uporabnikom storitev<\/td><td>Ime in priimek podpisnika pogodbe, naziv podjetja, sede\u017e podjetja, elektronski naslov, telefonska \u0161tevilka<\/td><td>Pogodbeni odnos<\/td><td>5 let po prenehanju pogodbe<\/td><\/tr><tr><td>Obve\u0161\u010danje in po\u0161iljanje e-novic o novih prispevkih na blogu na\u0161im uporabnikom in naro\u010dnikom<\/td><td>Ime in priimek \/ naziv podjetja, elektronski naslov<\/td><td>Zakon<\/td><td>Do preklica<\/td><\/tr><tr><td>Obve\u0161\u010danje in po\u0161iljanje e-novic o novih prispevkih na blogu drugim prejemnikom<\/td><td>Ime in priimek, elektronski naslov<\/td><td>Soglasje<\/td><td>Do preklica<\/td><\/tr><tr><td>Izvajanje analiz za raziskovalne in statisti\u010dne namene<\/td><td>Osebni podatki so v anonimizirani obliki<\/td><td>Zakoniti interes izvajanja analiz za vodenje statistike za lastne potrebe in izbolj\u0161avo ponujenih storitev &nbsp;<\/td><td>Do preklica<\/td><\/tr><\/tbody><\/table><\/figure>\n\n\n\n<p><strong>Ali po\u0161iljate moje podatke tretjim osebam?<\/strong><\/p>\n\n\n\n<p>Dostop do zbranih osebnih podatkov imajo le poobla\u0161\u010dene osebe (zaposleni, pogodbeni partnerji). Podatke pa bomo posredovali tretjim osebam zgolj, kadar je to potrebno, da se dose\u017ee namen obdelave osebnih podatkov.<\/p>\n\n\n\n<p>Tretje osebe, s katerimi delimo va\u0161e osebne podatke:<\/p>\n\n\n\n<ul class=\"wp-block-list\">\n<li>Pogodbenim sodelavcem, ki nam zagotavljajo dolo\u010dene storitve (ra\u010dunovodski servis, IT-storitve, pravna pomo\u010d..),<\/li>\n\n\n\n<li>Zunanjim sodelavcem, ki za nas zagotavljajo prevajanje, lektoriranje, sodno overjene prevode,<\/li>\n\n\n\n<li>Ra\u010dunovodski servis,<\/li>\n\n\n\n<li>Dr\u017eavni organi, kadar to zahteva zakonodaja (FURS, sodi\u0161\u010de).<\/li>\n<\/ul>\n\n\n\n<p><strong>Kako varujete moje osebne podatke?<\/strong><\/p>\n\n\n\n<p>Za varstvo osebnih podatkov uporabljamo razli\u010dne organizacijske in tehni\u010dne ukrepe, s katerimi zagotavljamo \u010dim vi\u0161ji nivo varnosti osebnih podatkov in jih \u0161\u010ditimo pred izgubo, manipulacijo, uni\u010denjem ali nepoobla\u0161\u010denimi posegi.<\/p>\n\n\n\n<p>Osebne podatke hranimo v fizi\u010dni in elektronski obliki. Temu primerno smo sprejeli razli\u010dne ukrepe varovanja, ki vklju\u010dujejo:<\/p>\n\n\n\n<ul class=\"wp-block-list\">\n<li>zaklepanje poslovnih prostorov;<\/li>\n\n\n\n<li>omejitev dostopa do osebnih podatkov na poobla\u0161\u010dene osebe;<\/li>\n\n\n\n<li>izobra\u017eevanje zaposlenih na temo varstva osebnih podatkov;<\/li>\n\n\n\n<li>skrbna izbira in nadzor nad zunanjimi pogodbenimi obdelovalci;<\/li>\n\n\n\n<li>redno posodabljanje strojne in programske opreme, kjer hranimo podatke;<\/li>\n\n\n\n<li>redna izdelava varnostnih kopij, standardni po\u017earni zid, uporaba za\u0161\u010ditnih gesel;<\/li>\n\n\n\n<li>zbiranje minimalne koli\u010dine osebnih podatkov.<\/li>\n<\/ul>\n\n\n\n<p>Upravljalec bo v primeru ugotovitve kr\u0161itve varstva osebnih podatkov o vsaki tak\u0161ni kr\u0161itvi brez odla\u0161anja obvestil informacijskega poobla\u0161\u010denca, ki predstavlja pristojni nadzorni organ za Slovenijo.<\/p>\n\n\n\n<p>V primeru, da pride do kr\u0161itve varstva podatkov, ki lahko povzro\u010di veliko tveganje za pravice in svobo\u0161\u010dine posameznikov, pa vas bo upravljalec o tak\u0161nem dogodku nemudoma obvestil.<\/p>\n\n\n\n<p><strong>Kaj pa uporaba socialnih omre\u017eij?<\/strong><\/p>\n\n\n\n<p>Upravljavec posameznikom omogo\u010da interakcijo preko socialnih omre\u017eji Facebook, Linkedin in Twitter. Socialna omre\u017eja delujejo skladno z lastnimi pravili zasebnosti in obdelave osebnih podatkov, za katere upravljavec osebnih podatkov ne odgovarja. Pozivamo vas, da si pogoje socialnih omre\u017eji preberete \u0161e preden se odlo\u010dite za kakr\u0161nokoli interakcijo s socialnim omre\u017ejem. Opozarjamo vas, da ste sami odgovorni za kakr\u0161nekoli objave preko socialnih omre\u017eij. Upravljavec ne prevzema nikakr\u0161ne odgovornosti, ki bi bila povezana z aktivnostmi posameznika na socialnih omre\u017ejih.<\/p>\n\n\n\n<p>Da bi vam omogo\u010dili la\u017eji dostop do informacij, vam ponujamo linke do politik zasebnosti posameznega dru\u017ebenega omre\u017eja:<\/p>\n\n\n\n<ul class=\"wp-block-list\">\n<li><a href=\"https:\/\/www.facebook.com\/privacy\/policy\/version\/20220104\/?paipv=0&amp;eav=AfYkb4-d0v1B6YX3Ro6eolF7Zw0wNHBROkIDk3iipEkb2HqtFVS-BEJifyfmmf_n7kQ&amp;_rdr\">Facebook<\/a><\/li>\n\n\n\n<li><a href=\"https:\/\/www.linkedin.com\/legal\/privacy-policy\">LinkedIn<\/a><\/li>\n\n\n\n<li><a href=\"https:\/\/twitter.com\/en\/privacy\">Twitter<\/a><\/li>\n<\/ul>\n\n\n\n<p><strong>KAK\u0160NE SO MOJE PRAVICE?<\/strong><\/p>\n\n\n\n<p>V zvezi z obdelavo osebnih podatkov imate naslednje pravice:<\/p>\n\n\n\n<ul class=\"wp-block-list\">\n<li><strong>Pravica do dostopa osebnih podatkov<\/strong>: zahtevate lahko informacijo, ali obdelujemo va\u0161e osebne podatke, in informacijo o obdelavi, ki jo izvajamo.<\/li>\n\n\n\n<li><strong>Pravica do popravka osebnih podatkov<\/strong>: v kolikor bi pri\u0161lo do nepopolnih oz. neto\u010dnih podatkov, lahko zahtevate popravek.<\/li>\n\n\n\n<li><strong>Pravica do izpisa osebnih podatkov<\/strong>: zahtevate lahko, da osebne podatke posredujemo v strukturirani, splo\u0161no uporabljeni in strojno berljivi obliki.<\/li>\n\n\n\n<li><strong>Pravica do omejitve obdelave osebnih podatkov<\/strong>: zahtevate lahko, da za\u010dasno omejimo obdelavo va\u0161ih osebnih podatkov, npr. za \u010das trajanja popravka osebnih podatkov, ki jih obdelujemo o vas. V tem primeru bomo va\u0161e osebne podatke za\u010dasno prenehali uporabljati, ne bomo pa jih izbrisali.<\/li>\n\n\n\n<li><strong>Pravica do ugovora obdelavi osebnih podatkov:<\/strong> kadar va\u0161e osebne podatke obdelujemo na pravni podlagi zakonitega interesa ali v primerih izvajanja tr\u017ene komunikacije, imate pravico ugovarjati tak\u0161ni obdelavi.<\/li>\n\n\n\n<li><strong>Pravica do izbrisa osebnih podatkov<\/strong>: zahtevate lahko izbris, pri \u010demer pa ne smemo izbrisati podatkov, ki jih obdelujemo na podlagi pogodbenega odnosa (ki je \u0161e v veljavi) in podatkov, ki jih obdelujem na podlagi zakon, razen \u010de je \u017ee potekel rok hrambe.<\/li>\n\n\n\n<li><strong>Pravica do preklica privolitve:<\/strong> kadar obdelava osebnih podatkov poteka na podlagi privolitve, lahko privolitev kadarkoli prekli\u010dete. Preklic privolitve se izvede brez kakr\u0161nih koli negativnih posledic za vas. Obstaja pa mo\u017enost, da vam po preklicu dolo\u010denih storitev ne bomo mogli nuditi.<\/li>\n\n\n\n<li><strong>Pravica do prenosljivosti podatkov<\/strong>: zahtevate lahko, da osebne podatke, ki jih obdelujemo o vas, posredujemo drugemu upravljalcu osebnih podatkov. To lahko izvedemo le, kadar je to tehni\u010dno izvedljivo.<\/li>\n<\/ul>\n\n\n\n<p>Vse pravice lahko izvajate tako, da nam pi\u0161ete na e-naslov <a href=\"mailto:info@gorr-translation.com\">info@gorr-translation.com<\/a> ali po po\u0161ti na naslov Brezje pri Grosupljem 90, 1290 Grosuplje, Slovenija<strong>.<\/strong><\/p>\n\n\n\n<p>V primeru, da prejmemo zahtevo za uveljavljanje pravice, iz katere pa ne moremo zanesljivo ugotoviti identitete posameznika, si pridr\u017eujemo pravico, da vas pozovemo na predlo\u017eitev ustreznih osebnih podatkov, ki nam bodo omogo\u010dili zanesljivo identifikacijo. V primeru, da teh podatkov ne boste predlo\u017eili, va\u0161e zahteve ne bomo obravnavali.<\/p>\n\n\n\n<p>V vseh ostalih primerih bomo na zahteve odgovorili v roku 30 dni od prejema, razen v primeru obse\u017enih zahtev, kjer bomo za pripravo odgovora potrebovali ve\u010d \u010dasa. O podalj\u0161anju roka vas bomo predhodno ustrezno obvestili.<\/p>\n\n\n\n<p>Vse informacije, odgovori in ukrepi upravljavca glede uveljavljanja pravic in zahtevkov s podro\u010dja varstva osebnih podatkov se zagotavljajo brezpla\u010dno. Kljub temu si pridr\u017eujemo pravico, da v primeru ko so zahtevki posameznika, na katerega se nana\u0161ajo osebni podatki, o\u010ditno neutemeljeni ali pretirani, zlasti ker se ponavljajo, od posameznika lahko zahtevamo razumne stro\u0161ke.<\/p>\n\n\n\n<p>V kolikor menite, da je pri upravljavcu pri\u0161lo do kr\u0161itve varstva osebnih podatkov, imate pravico podati prito\u017ebo pri pristojnem nadzornem organu, ki ga v Sloveniji predstavlja informacijski poobla\u0161\u010denec.<\/p>\n\n\n\n<p><strong>SPREMEMBA POLITIKE ZASEBNOSTI<\/strong><\/p>\n\n\n\n<p>Pridr\u017eujemo si pravico do spremembe politike zasebnosti. Najnovej\u0161a verzija politike zasebnosti bo vedno objavljena na spletni strani: <a href=\"https:\/\/www.gorr-translation.com\/\">https:\/\/www.gorr-translation.com\/<\/a><\/p>\n\n\n\n<p>Politika zasebnosti je veljavna od 23. marca 2023.<\/p>\n\n\n\n<p><\/p>\n","protected":false},"excerpt":{"rendered":"<p>Politika zasebnosti Politika zasebnosti vsebuje informacije o obdelavi osebnih podatkov, ki jo izvaja GORR d.o.o. ( v nadaljevanju \u00bbupravljavec\u00ab, \u00bbmi\u00ab ali \u00bbnas\u00ab). V njej najdete informacije o namenih obdelave, pravno podlago, vrstah osebnih podatkov, obdobju hrambe in va\u0161ih pravicah v zvez z obdelavo. Vabimo vas, da si politiko pozorno preberete. Za osebni podatek se \u0161teje [&hellip;]<\/p>\n","protected":false},"author":1,"featured_media":0,"parent":0,"menu_order":0,"comment_status":"closed","ping_status":"closed","template":"","meta":{"_breakdance_hide_in_design_set":false,"_breakdance_tags":"","footnotes":""},"class_list":["post-3860","page","type-page","status-publish","hentry"],"yoast_head":"<!-- This site is optimized with the Yoast SEO plugin v23.6 - https:\/\/yoast.com\/wordpress\/plugins\/seo\/ -->\n<title>Politika zasebnosti: GORR<\/title>\n<meta name=\"robots\" content=\"index, follow, max-snippet:-1, max-image-preview:large, max-video-preview:-1\" \/>\n<link rel=\"canonical\" href=\"https:\/\/gorr-translation.com\/si\/politika-zasebnosti\/\" \/>\n<meta property=\"og:locale\" content=\"en_US\" \/>\n<meta property=\"og:type\" content=\"article\" \/>\n<meta property=\"og:title\" content=\"Politika zasebnosti: GORR\" \/>\n<meta property=\"og:description\" content=\"Politika zasebnosti Politika zasebnosti vsebuje informacije o obdelavi osebnih podatkov, ki jo izvaja GORR d.o.o. ( v nadaljevanju \u00bbupravljavec\u00ab, \u00bbmi\u00ab ali \u00bbnas\u00ab). V njej najdete informacije o namenih obdelave, pravno podlago, vrstah osebnih podatkov, obdobju hrambe in va\u0161ih pravicah v zvez z obdelavo. Vabimo vas, da si politiko pozorno preberete. Za osebni podatek se \u0161teje [&hellip;]\" \/>\n<meta property=\"og:url\" content=\"https:\/\/gorr-translation.com\/si\/politika-zasebnosti\/\" \/>\n<meta property=\"og:site_name\" content=\"GORR\" \/>\n<meta property=\"article:modified_time\" content=\"2025-02-25T07:11:21+00:00\" \/>\n<meta name=\"twitter:card\" content=\"summary_large_image\" \/>\n<meta name=\"twitter:label1\" content=\"Est. reading time\" \/>\n\t<meta name=\"twitter:data1\" content=\"7 minutes\" \/>\n<script type=\"application\/ld+json\" class=\"yoast-schema-graph\">{\"@context\":\"https:\/\/schema.org\",\"@graph\":[{\"@type\":\"WebPage\",\"@id\":\"https:\/\/gorr-translation.com\/si\/politika-zasebnosti\/\",\"url\":\"https:\/\/gorr-translation.com\/si\/politika-zasebnosti\/\",\"name\":\"Politika zasebnosti: GORR\",\"isPartOf\":{\"@id\":\"https:\/\/gorr-translation.com\/si\/#website\"},\"datePublished\":\"2024-06-14T13:02:50+00:00\",\"dateModified\":\"2025-02-25T07:11:21+00:00\",\"breadcrumb\":{\"@id\":\"https:\/\/gorr-translation.com\/si\/politika-zasebnosti\/#breadcrumb\"},\"inLanguage\":\"si-Si\",\"potentialAction\":[{\"@type\":\"ReadAction\",\"target\":[\"https:\/\/gorr-translation.com\/si\/politika-zasebnosti\/\"]}]},{\"@type\":\"BreadcrumbList\",\"@id\":\"https:\/\/gorr-translation.com\/si\/politika-zasebnosti\/#breadcrumb\",\"itemListElement\":[{\"@type\":\"ListItem\",\"position\":1,\"name\":\"Home\",\"item\":\"https:\/\/gorr-translation.com\/si\/\"},{\"@type\":\"ListItem\",\"position\":2,\"name\":\"POLITIKA ZASEBNOSTI\"}]},{\"@type\":\"WebSite\",\"@id\":\"https:\/\/gorr-translation.com\/si\/#website\",\"url\":\"https:\/\/gorr-translation.com\/si\/\",\"name\":\"GORR\",\"description\":\"Professional translation services\",\"potentialAction\":[{\"@type\":\"SearchAction\",\"target\":{\"@type\":\"EntryPoint\",\"urlTemplate\":\"https:\/\/gorr-translation.com\/si\/?s={search_term_string}\"},\"query-input\":{\"@type\":\"PropertyValueSpecification\",\"valueRequired\":true,\"valueName\":\"search_term_string\"}}],\"inLanguage\":\"si-Si\"}]}<\/script>\n<!-- \/ Yoast SEO plugin. -->","yoast_head_json":{"title":"Politika zasebnosti: GORR","robots":{"index":"index","follow":"follow","max-snippet":"max-snippet:-1","max-image-preview":"max-image-preview:large","max-video-preview":"max-video-preview:-1"},"canonical":"https:\/\/gorr-translation.com\/si\/politika-zasebnosti\/","og_locale":"en_US","og_type":"article","og_title":"Politika zasebnosti: GORR","og_description":"Politika zasebnosti Politika zasebnosti vsebuje informacije o obdelavi osebnih podatkov, ki jo izvaja GORR d.o.o. ( v nadaljevanju \u00bbupravljavec\u00ab, \u00bbmi\u00ab ali \u00bbnas\u00ab). V njej najdete informacije o namenih obdelave, pravno podlago, vrstah osebnih podatkov, obdobju hrambe in va\u0161ih pravicah v zvez z obdelavo. Vabimo vas, da si politiko pozorno preberete. Za osebni podatek se \u0161teje [&hellip;]","og_url":"https:\/\/gorr-translation.com\/si\/politika-zasebnosti\/","og_site_name":"GORR","article_modified_time":"2025-02-25T07:11:21+00:00","twitter_card":"summary_large_image","twitter_misc":{"Est. reading time":"7 minutes"},"schema":{"@context":"https:\/\/schema.org","@graph":[{"@type":"WebPage","@id":"https:\/\/gorr-translation.com\/si\/politika-zasebnosti\/","url":"https:\/\/gorr-translation.com\/si\/politika-zasebnosti\/","name":"Politika zasebnosti: GORR","isPartOf":{"@id":"https:\/\/gorr-translation.com\/si\/#website"},"datePublished":"2024-06-14T13:02:50+00:00","dateModified":"2025-02-25T07:11:21+00:00","breadcrumb":{"@id":"https:\/\/gorr-translation.com\/si\/politika-zasebnosti\/#breadcrumb"},"inLanguage":"si-Si","potentialAction":[{"@type":"ReadAction","target":["https:\/\/gorr-translation.com\/si\/politika-zasebnosti\/"]}]},{"@type":"BreadcrumbList","@id":"https:\/\/gorr-translation.com\/si\/politika-zasebnosti\/#breadcrumb","itemListElement":[{"@type":"ListItem","position":1,"name":"Home","item":"https:\/\/gorr-translation.com\/si\/"},{"@type":"ListItem","position":2,"name":"POLITIKA ZASEBNOSTI"}]},{"@type":"WebSite","@id":"https:\/\/gorr-translation.com\/si\/#website","url":"https:\/\/gorr-translation.com\/si\/","name":"GORR","description":"Professional translation services","potentialAction":[{"@type":"SearchAction","target":{"@type":"EntryPoint","urlTemplate":"https:\/\/gorr-translation.com\/si\/?s={search_term_string}"},"query-input":{"@type":"PropertyValueSpecification","valueRequired":true,"valueName":"search_term_string"}}],"inLanguage":"si-Si"}]}},"_links":{"self":[{"href":"https:\/\/gorr-translation.com\/si\/wp-json\/wp\/v2\/pages\/3860"}],"collection":[{"href":"https:\/\/gorr-translation.com\/si\/wp-json\/wp\/v2\/pages"}],"about":[{"href":"https:\/\/gorr-translation.com\/si\/wp-json\/wp\/v2\/types\/page"}],"author":[{"embeddable":true,"href":"https:\/\/gorr-translation.com\/si\/wp-json\/wp\/v2\/users\/1"}],"replies":[{"embeddable":true,"href":"https:\/\/gorr-translation.com\/si\/wp-json\/wp\/v2\/comments?post=3860"}],"version-history":[{"count":5,"href":"https:\/\/gorr-translation.com\/si\/wp-json\/wp\/v2\/pages\/3860\/revisions"}],"predecessor-version":[{"id":11857,"href":"https:\/\/gorr-translation.com\/si\/wp-json\/wp\/v2\/pages\/3860\/revisions\/11857"}],"wp:attachment":[{"href":"https:\/\/gorr-translation.com\/si\/wp-json\/wp\/v2\/media?parent=3860"}],"curies":[{"name":"wp","href":"https:\/\/api.w.org\/{rel}","templated":true}]}}