{"id":5558,"date":"2024-10-17T06:21:03","date_gmt":"2024-10-17T06:21:03","guid":{"rendered":"https:\/\/gorr-translation.com\/?page_id=5558"},"modified":"2024-11-08T16:06:47","modified_gmt":"2024-11-08T16:06:47","slug":"postani-prevajalec","status":"publish","type":"page","link":"https:\/\/gorr-translation.com\/si\/postani-prevajalec\/","title":{"rendered":"Postani prevajalec"},"content":{"rendered":"<section class=\"bde-section-5558-142 bde-section\">\n  \n  \n\t\n\n\n\n<div class=\"section-container\"><div class=\"bde-columns-5558-143 bde-columns\"><div class=\"bde-column-5558-144 bde-column\">\n  \n  \n\t\n\n\n\n<div class=\"bde-code-block-5558-149 bde-code-block\">\n\n\n\n<\/div><h1 class=\"bde-heading-5558-145 bde-heading\">\nPostani GORR prevajalec!\n<\/h1>\n<\/div><\/div><div class=\"bde-columns-5558-146 bde-columns\"><div class=\"bde-column-5558-147 bde-column\">\n  \n  \n\t\n\n\n\n<div class=\"bde-shortcode-5558-148 bde-shortcode\">\n<div class=\"forminator-ui forminator-custom-form forminator-custom-form-5530 forminator-design--flat  forminator_ajax\" data-forminator-render=\"0\" data-form=\"forminator-module-5530\" data-uid=\"69f5d5222d16d\"><br\/><\/div><form\n\t\t\t\tid=\"forminator-module-5530\"\n\t\t\t\tclass=\"forminator-ui forminator-custom-form forminator-custom-form-5530 forminator-design--flat  forminator_ajax\"\n\t\t\t\tmethod=\"post\"\n\t\t\t\tdata-forminator-render=\"0\"\n\t\t\t\tdata-form-id=\"5530\"\n\t\t\t\tenctype=\"multipart\/form-data\" data-color-option=\"default\" data-design=\"flat\" data-grid=\"open\" style=\"display: none;\"\n\t\t\t\tdata-uid=\"69f5d5222d16d\"\n\t\t\t><div role=\"alert\" aria-live=\"polite\" class=\"forminator-response-message forminator-error\" aria-hidden=\"true\"><\/div><div class=\"forminator-row\"><div id=\"name-1\" class=\"forminator-field-name forminator-col forminator-col-6 \"><div class=\"forminator-field\"><input type=\"text\" name=\"name-1\" value=\"\" placeholder=\"Ime in priimek\" id=\"forminator-field-name-1_69f5d5222d16d\" class=\"forminator-input forminator-name--field\" aria-required=\"true\" autocomplete=\"name\" \/><\/div><\/div><div id=\"email-1\" class=\"forminator-field-email forminator-col forminator-col-6 \"><div class=\"forminator-field\"><input type=\"email\" name=\"email-1\" value=\"\" placeholder=\"E-po\u0161ta\" id=\"forminator-field-email-1_69f5d5222d16d\" class=\"forminator-input forminator-email--field\" data-required=\"true\" aria-required=\"true\" autocomplete=\"email\" \/><\/div><\/div><\/div><div class=\"forminator-row\"><div id=\"upload-1\" class=\"forminator-field-upload forminator-col forminator-col-12  second_input\"><div class=\"forminator-field\"><label for=\"forminator-field-upload-1_69f5d5222d16d\" id=\"forminator-field-upload-1_69f5d5222d16d-label\" class=\"forminator-label\">Datoteka<\/label><div class=\"forminator-file-upload \" data-element=\"upload-1_69f5d5222d16d\"><input type=\"file\" name=\"upload-1\" id=\"forminator-field-upload-1_69f5d5222d16d\" class=\"forminator-input-file\" accept=\".webp,.pdf,.doc,.pot,.pps,.ppt,.wri,.mdb,.mpp,.docx,.docm,.dotx,.dotm,.onetoc,.onetoc2,.onetmp,.onepkg,.oxps,.xps,.odt,.odp,.odg,.odc,.odb,.odf,.wp,.wpd,.pages,.jpg,.jpeg,.jpe,.gif,.png,.bmp,.tiff,.tif,.ico,.psd,.xcf,.heic\" tabindex=\"-1\"><button id=\"forminator-field-upload-1_69f5d5222d16d_button\" class=\"forminator-button forminator-button-upload\" data-id=\"forminator-field-upload-1_69f5d5222d16d\">Choose File<\/button><span data-empty-text=\"No file chosen\">No file chosen<\/span><button class=\"forminator-button-delete\" style=\"display: none;\"><i class=\"forminator-icon-close\" aria-hidden=\"true\"><\/i><span class=\"forminator-screen-reader-only\">Delete uploaded file<\/span><\/button><\/div><\/div><\/div><\/div><div class=\"forminator-row\"><div id=\"textarea-1\" class=\"forminator-field-textarea forminator-col forminator-col-12 \"><div class=\"forminator-field\"><textarea name=\"textarea-1\" placeholder=\"Sporo\u010dilo\" id=\"forminator-field-textarea-1_69f5d5222d16d\" class=\"forminator-textarea\" rows=\"6\" style=\"min-height:10px;\" ><\/textarea><span id=\"forminator-field-textarea-1_69f5d5222d16d-description\" class=\"forminator-description\"><span data-limit=\"500\" data-type=\"words\" data-editor=\"\">0 \/ 500<\/span><\/span><\/div><\/div><\/div><div class=\"forminator-row\"><div id=\"captcha-1\" class=\"forminator-field-captcha forminator-col forminator-col-12 \"><div class=\"forminator-captcha-left forminator-g-recaptcha recaptcha-invisible\" data-theme=\"light\" data-badge=\"bottomright\" data-sitekey=\"6Lc852MqAAAAAIYWlm1UFmsMUyo6e7RTbHB03Y3r\" data-size=\"invisible\"><\/div> <\/div><\/div><div class=\"forminator-row\"><div id=\"consent-1\" class=\"forminator-field-consent forminator-col forminator-col-12 \"><div class=\"forminator-field\"><div class=\"forminator-checkbox__wrapper\"><label id=\"forminator-field-consent-1_69f5d5222d16d__label\" class=\"forminator-checkbox forminator-consent\" aria-labelledby=\"forminator-field-consent-1_69f5d5222d16d-label\" aria-hidden=\"true\"><input type=\"checkbox\" name=\"consent-1\" id=\"forminator-field-consent-1_69f5d5222d16d\" value=\"checked\" aria-labelledby=\"forminator-field-consent-1_69f5d5222d16d-label\" aria-describedby=\"forminator-field-consent-1_69f5d5222d16d__description\" data-required=\"true\" aria-required=\"true\" \/><span class=\"forminator-checkbox-box\" aria-hidden=\"true\"><\/span><\/label><div id=\"forminator-field-consent-1_69f5d5222d16d__description\" class=\"forminator-checkbox__label forminator-consent__label\"><p><strong>Strinjam se, da lahko moje osebne podatke uporabite za namene po\u0161iljanja e-novic.<\/strong><\/p>\n<p>Kadar koli se lahko odjavite s klikom na povezavo v nogi na\u0161ih e-po\u0161tnih sporo\u010dil.<\/p>\n<p>Za ve\u010d informacij pa si preberite na\u0161o <a href=\"https:\/\/www.gorr.si\/en\/privacy-policy\/\">politika zasebnosti<\/a>&nbsp;.<\/p>\n<p>&nbsp;<\/p><\/div><\/div><\/div><\/div><\/div><input type=\"hidden\" name=\"referer_url\" value=\"\" \/><div class=\"forminator-row forminator-row-last\"><div class=\"forminator-col\"><div class=\"forminator-field\"><button class=\"forminator-button forminator-button-submit\">Po&scaron;lji<\/button><\/div><\/div><\/div><input type=\"hidden\" id=\"forminator_nonce\" name=\"forminator_nonce\" value=\"5495ad18da\" \/><input type=\"hidden\" name=\"_wp_http_referer\" value=\"\/si\/wp-json\/wp\/v2\/pages\/5558\" \/><input type=\"hidden\" name=\"form_id\" value=\"5530\"><input type=\"hidden\" name=\"page_id\" value=\"5558\"><input type=\"hidden\" name=\"form_type\" value=\"default\"><input type=\"hidden\" name=\"current_url\" value=\"https:\/\/gorr-translation.com\/si\/postani-prevajalec\/\"><input type=\"hidden\" name=\"render_id\" value=\"0\"><input type=\"hidden\" name=\"action\" value=\"forminator_submit_form_custom-forms\"><label for=\"input_6\" class=\"forminator-hidden\" aria-hidden=\"true\">Please do not fill in this field. <input id=\"input_6\" type=\"text\" name=\"input_6\" value=\"\" autocomplete=\"off\"><\/label><\/form>\n<\/div>\n<\/div><\/div><\/div>\n<\/section>","protected":false},"excerpt":{"rendered":"<p>Postani GORR prevajalec! DatotekaChoose FileNo file chosenDelete uploaded file0 \/ 500 Strinjam se, da lahko moje osebne podatke uporabite za namene po\u0161iljanja e-novic. Kadar koli se lahko odjavite s klikom na povezavo v nogi na\u0161ih e-po\u0161tnih sporo\u010dil. Za ve\u010d informacij pa si preberite na\u0161o politika zasebnosti&nbsp;. &nbsp;Po&scaron;ljiPlease do not fill in this field.<\/p>\n","protected":false},"author":1,"featured_media":0,"parent":0,"menu_order":0,"comment_status":"closed","ping_status":"closed","template":"","meta":{"_breakdance_hide_in_design_set":false,"_breakdance_tags":"","footnotes":""},"class_list":["post-5558","page","type-page","status-publish","hentry"],"yoast_head":"<!-- This site is optimized with the Yoast SEO plugin v23.6 - https:\/\/yoast.com\/wordpress\/plugins\/seo\/ -->\n<title>Postani prevajalec: GORR<\/title>\n<meta name=\"robots\" content=\"index, follow, max-snippet:-1, max-image-preview:large, max-video-preview:-1\" \/>\n<link rel=\"canonical\" href=\"https:\/\/gorr-translation.com\/si\/postani-prevajalec\/\" \/>\n<meta property=\"og:locale\" content=\"en_US\" \/>\n<meta property=\"og:type\" content=\"article\" \/>\n<meta property=\"og:title\" content=\"Postani prevajalec: GORR\" \/>\n<meta property=\"og:description\" content=\"Postani GORR prevajalec! DatotekaChoose FileNo file chosenDelete uploaded file0 \/ 500 Strinjam se, da lahko moje osebne podatke uporabite za namene po\u0161iljanja e-novic. Kadar koli se lahko odjavite s klikom na povezavo v nogi na\u0161ih e-po\u0161tnih sporo\u010dil. Za ve\u010d informacij pa si preberite na\u0161o politika zasebnosti&nbsp;. &nbsp;Po&scaron;ljiPlease do not fill in this field.\" \/>\n<meta property=\"og:url\" content=\"https:\/\/gorr-translation.com\/si\/postani-prevajalec\/\" \/>\n<meta property=\"og:site_name\" content=\"GORR\" \/>\n<meta property=\"article:modified_time\" content=\"2024-11-08T16:06:47+00:00\" \/>\n<meta name=\"twitter:card\" content=\"summary_large_image\" \/>\n<meta name=\"twitter:label1\" content=\"Est. reading time\" \/>\n\t<meta name=\"twitter:data1\" content=\"8 minutes\" \/>\n<script type=\"application\/ld+json\" class=\"yoast-schema-graph\">{\"@context\":\"https:\/\/schema.org\",\"@graph\":[{\"@type\":\"WebPage\",\"@id\":\"https:\/\/gorr-translation.com\/si\/postani-prevajalec\/\",\"url\":\"https:\/\/gorr-translation.com\/si\/postani-prevajalec\/\",\"name\":\"Postani prevajalec: GORR\",\"isPartOf\":{\"@id\":\"https:\/\/gorr-translation.com\/si\/#website\"},\"datePublished\":\"2024-10-17T06:21:03+00:00\",\"dateModified\":\"2024-11-08T16:06:47+00:00\",\"breadcrumb\":{\"@id\":\"https:\/\/gorr-translation.com\/si\/postani-prevajalec\/#breadcrumb\"},\"inLanguage\":\"si-Si\",\"potentialAction\":[{\"@type\":\"ReadAction\",\"target\":[\"https:\/\/gorr-translation.com\/si\/postani-prevajalec\/\"]}]},{\"@type\":\"BreadcrumbList\",\"@id\":\"https:\/\/gorr-translation.com\/si\/postani-prevajalec\/#breadcrumb\",\"itemListElement\":[{\"@type\":\"ListItem\",\"position\":1,\"name\":\"Home\",\"item\":\"https:\/\/gorr-translation.com\/si\/\"},{\"@type\":\"ListItem\",\"position\":2,\"name\":\"Postani prevajalec\"}]},{\"@type\":\"WebSite\",\"@id\":\"https:\/\/gorr-translation.com\/si\/#website\",\"url\":\"https:\/\/gorr-translation.com\/si\/\",\"name\":\"GORR\",\"description\":\"Professional translation services\",\"potentialAction\":[{\"@type\":\"SearchAction\",\"target\":{\"@type\":\"EntryPoint\",\"urlTemplate\":\"https:\/\/gorr-translation.com\/si\/?s={search_term_string}\"},\"query-input\":{\"@type\":\"PropertyValueSpecification\",\"valueRequired\":true,\"valueName\":\"search_term_string\"}}],\"inLanguage\":\"si-Si\"}]}<\/script>\n<!-- \/ Yoast SEO plugin. -->","yoast_head_json":{"title":"Postani prevajalec: GORR","robots":{"index":"index","follow":"follow","max-snippet":"max-snippet:-1","max-image-preview":"max-image-preview:large","max-video-preview":"max-video-preview:-1"},"canonical":"https:\/\/gorr-translation.com\/si\/postani-prevajalec\/","og_locale":"en_US","og_type":"article","og_title":"Postani prevajalec: GORR","og_description":"Postani GORR prevajalec! DatotekaChoose FileNo file chosenDelete uploaded file0 \/ 500 Strinjam se, da lahko moje osebne podatke uporabite za namene po\u0161iljanja e-novic. Kadar koli se lahko odjavite s klikom na povezavo v nogi na\u0161ih e-po\u0161tnih sporo\u010dil. Za ve\u010d informacij pa si preberite na\u0161o politika zasebnosti&nbsp;. &nbsp;Po&scaron;ljiPlease do not fill in this field.","og_url":"https:\/\/gorr-translation.com\/si\/postani-prevajalec\/","og_site_name":"GORR","article_modified_time":"2024-11-08T16:06:47+00:00","twitter_card":"summary_large_image","twitter_misc":{"Est. reading time":"8 minutes"},"schema":{"@context":"https:\/\/schema.org","@graph":[{"@type":"WebPage","@id":"https:\/\/gorr-translation.com\/si\/postani-prevajalec\/","url":"https:\/\/gorr-translation.com\/si\/postani-prevajalec\/","name":"Postani prevajalec: GORR","isPartOf":{"@id":"https:\/\/gorr-translation.com\/si\/#website"},"datePublished":"2024-10-17T06:21:03+00:00","dateModified":"2024-11-08T16:06:47+00:00","breadcrumb":{"@id":"https:\/\/gorr-translation.com\/si\/postani-prevajalec\/#breadcrumb"},"inLanguage":"si-Si","potentialAction":[{"@type":"ReadAction","target":["https:\/\/gorr-translation.com\/si\/postani-prevajalec\/"]}]},{"@type":"BreadcrumbList","@id":"https:\/\/gorr-translation.com\/si\/postani-prevajalec\/#breadcrumb","itemListElement":[{"@type":"ListItem","position":1,"name":"Home","item":"https:\/\/gorr-translation.com\/si\/"},{"@type":"ListItem","position":2,"name":"Postani prevajalec"}]},{"@type":"WebSite","@id":"https:\/\/gorr-translation.com\/si\/#website","url":"https:\/\/gorr-translation.com\/si\/","name":"GORR","description":"Professional translation services","potentialAction":[{"@type":"SearchAction","target":{"@type":"EntryPoint","urlTemplate":"https:\/\/gorr-translation.com\/si\/?s={search_term_string}"},"query-input":{"@type":"PropertyValueSpecification","valueRequired":true,"valueName":"search_term_string"}}],"inLanguage":"si-Si"}]}},"_links":{"self":[{"href":"https:\/\/gorr-translation.com\/si\/wp-json\/wp\/v2\/pages\/5558"}],"collection":[{"href":"https:\/\/gorr-translation.com\/si\/wp-json\/wp\/v2\/pages"}],"about":[{"href":"https:\/\/gorr-translation.com\/si\/wp-json\/wp\/v2\/types\/page"}],"author":[{"embeddable":true,"href":"https:\/\/gorr-translation.com\/si\/wp-json\/wp\/v2\/users\/1"}],"replies":[{"embeddable":true,"href":"https:\/\/gorr-translation.com\/si\/wp-json\/wp\/v2\/comments?post=5558"}],"version-history":[{"count":4,"href":"https:\/\/gorr-translation.com\/si\/wp-json\/wp\/v2\/pages\/5558\/revisions"}],"predecessor-version":[{"id":8566,"href":"https:\/\/gorr-translation.com\/si\/wp-json\/wp\/v2\/pages\/5558\/revisions\/8566"}],"wp:attachment":[{"href":"https:\/\/gorr-translation.com\/si\/wp-json\/wp\/v2\/media?parent=5558"}],"curies":[{"name":"wp","href":"https:\/\/api.w.org\/{rel}","templated":true}]}}